{"id":672,"date":"2025-01-26T20:27:40","date_gmt":"2025-01-26T19:27:40","guid":{"rendered":"https:\/\/lesio7.webd.pl\/demo\/?page_id=672"},"modified":"2026-03-11T23:06:31","modified_gmt":"2026-03-11T22:06:31","slug":"precore","status":"publish","type":"page","link":"https:\/\/studiumistdp.pl\/index.php\/precore\/","title":{"rendered":"Precore"},"content":{"rendered":"\t\t<div data-elementor-type=\"wp-page\" data-elementor-id=\"672\" class=\"elementor elementor-672\">\n\t\t\t\t<div class=\"elementor-element elementor-element-d8f7eac e-flex e-con-boxed e-con e-parent\" data-id=\"d8f7eac\" data-element_type=\"container\" data-e-type=\"container\">\n\t\t\t\t\t<div class=\"e-con-inner\">\n\t\t\t\t<div class=\"elementor-element elementor-element-e23c764 elementor-widget elementor-widget-text-editor\" data-id=\"e23c764\" data-element_type=\"widget\" data-e-type=\"widget\" data-widget_type=\"text-editor.default\">\n\t\t\t\t<div class=\"elementor-widget-container\">\n\t\t\t\t\t\t\t\t\t<h1 class=\"page-header-title clr\"><strong>Wprowadzenie do teorii i praktyki ISTDP (<\/strong><strong>Precore Training)<\/strong><\/h1><nav class=\"site-breadcrumbs clr position-\" role=\"navigation\" aria-label=\"Breadcrumbs\"><ol class=\"trail-items\"><li class=\"trail-item trail-begin\">\u00a0<\/li><\/ol><\/nav><h3><span style=\"font-weight: 400;\">Zapraszam na trzydniowe zaj\u0119cia warsztatowe, kt\u00f3re wprowadzaj\u0105 w podstawy teoretyczne oraz praktyczne psychoterapii ISTDP.\u00a0<\/span><span style=\"font-weight: 400;\"><br \/><\/span><span style=\"font-weight: 400;\">Warsztat skierowany jest zar\u00f3wno do os\u00f3b rozwa\u017caj\u0105cych kompleksowe, trzyletnie szkolenie ISTDP (Core Training), jak i tych, kt\u00f3re chc\u0105 wzbogaci\u0107 swoj\u0105 praktyk\u0119 terapeutyczn\u0105 o elementy tego podej\u015bcia.<\/span><\/h3><h3><b>G\u0142\u00f3wne zagadnienia<\/b><\/h3><p><span style=\"font-weight: 400;\">Podczas warsztatu b\u0119dziemy uczy\u0107 si\u0119 m.in.:<\/span><\/p><ul><li style=\"font-weight: 400;\" aria-level=\"1\"><span style=\"font-weight: 400;\">Jak budowa\u0107 przymierze terapeutyczne z pacjentem i utrzymywa\u0107 wewn\u0105trzpsychiczne zogniskowanie (fokus terapeutyczny).<\/span><\/li><li aria-level=\"1\">Jak mobilizowa\u0107 zaanga\u017cowanie pacjenta we wsp\u00f3ln\u0105 prac\u0119 terapeutyczn\u0105.<\/li><li style=\"font-weight: 400;\" aria-level=\"1\"><span style=\"font-weight: 400;\">W jaki spos\u00f3b diagnozowa\u0107 i wspiera\u0107 regulacj\u0119 l\u0119ku u pacjenta.<\/span><\/li><li style=\"font-weight: 400;\" aria-level=\"1\"><span style=\"font-weight: 400;\">Jak rozumie\u0107 i zatrzymywa\u0107 szkodliwe mechanizmy obronne.<\/span><\/li><li style=\"font-weight: 400;\" aria-level=\"1\"><span style=\"font-weight: 400;\">Jak efektywnie wykorzystywa\u0107 koncepcj\u0119 tr\u00f3jk\u0105ta konfliktu i tr\u00f3jk\u0105ta os\u00f3b w pracy terapeutycznej.<\/span><\/li><\/ul><p><span style=\"font-weight: 400;\">Zaj\u0119cia obejmuj\u0105 prezentacj\u0119 teorii, fragment\u00f3w sesji terapeutycznych, \u0107wiczenia praktyczne oraz dyskusj\u0119.<\/span><\/p><h3><b>Literatura zalecana<\/b><\/h3><ul><li style=\"font-weight: 400;\" aria-level=\"1\"><b>P. Coughlin, Della Selva<\/b><span style=\"font-weight: 400;\">, <\/span><i><span style=\"font-weight: 400;\">Intensywna Kr\u00f3tkoterminowa Psychoterapia Dynamiczna<\/span><\/i><span style=\"font-weight: 400;\"> (HARMONIA UNIVERSALIS, 2012).<\/span><i><span style=\"font-weight: 400;\">Rozdzia\u0142 1<\/span><\/i><\/li><li style=\"font-weight: 400;\" aria-level=\"1\"><b>J. Frederickson<\/b><span style=\"font-weight: 400;\">, <\/span><i><span style=\"font-weight: 400;\">Wsp\u00f3\u0142tworzenie zmiany. Skuteczne techniki terapii dynamicznej<\/span><\/i><span style=\"font-weight: 400;\"> (HARMONIA UNIVERSALIS, 2014)<\/span><i><span style=\"font-weight: 400;\">.Rozdzia\u0142 3 i 6,\u00a0<\/span><\/i><\/li><li style=\"font-weight: 400;\" aria-level=\"1\"><b>B. Za\u0142oga, A. Zarzycka<\/b><span style=\"font-weight: 400;\">, <\/span><i><span style=\"font-weight: 400;\">Psychoterapia. Szko\u0142y i Metody<\/span><\/i><span style=\"font-weight: 400;\"> (ENETEIA, 2011).<\/span><i><span style=\"font-weight: 400;\">Rozdzia\u0142 6<\/span><\/i><\/li><\/ul><h3><strong><em>Warsztat odb\u0119dzie si\u0119 w dniach 27-29.03.2026. w godzinach\u00a0 9.30.-17.30 (w tym jednogodzinna przerwa na lunch)<br \/>Miejsce: ul. Madali\u0144skiego 38\/40 m 2, Warszawa<\/em><\/strong><\/h3><h3><b>Koszt i rezerwacja<\/b><\/h3><ul><li style=\"font-weight: 400;\" aria-level=\"1\"><b>Cena regularna<\/b><span style=\"font-weight: 400;\">: 1250 z\u0142.<\/span><\/li><li aria-level=\"1\"><b style=\"font-weight: 400;\">Cena promocyjna<\/b><span style=\"font-weight: 400;\">: 1150 z\u0142 przy wp\u0142acie <\/span><b>pe\u0142nej<\/b><span style=\"font-weight: 400;\"> kwoty do 15.03.2025.<\/span><\/li><\/ul><p><span style=\"font-weight: 400;\">Rezerwacja miejsca wymaga wp\u0142aty zaliczki (50% ceny regularnej) w ci\u0105gu 7 dni od zg\u0142oszenia. Druga rata powinna by\u0107 uregulowana najp\u00f3\u017aniej 7 dni przed warsztatem. Wp\u0142at nale\u017cy dokonywa\u0107 na konto numer: <\/span><a name=\"_Hlk83317443\"><\/a>11 1240 1053 1111 0010 3823 2009 (Beata Za\u0142oga)\u00a0<\/p><p>Osoby zainteresowane udzia\u0142em w warsztacie w innym terminie prosimy o widomo\u015b\u0107 na adres <a href=\"mailto:kontakt@studiumistdp.pl\">kontakt@studiumistdp.pl<\/a><\/p><p><span style=\"font-weight: 400;\">\u00a0<\/span><\/p><p><span style=\"font-weight: 400;\">Zg\u0142oszenie uczestnictwa w szkoleniu PRECORE TRAINING\u00a0<\/span><\/p><p><span style=\"font-weight: 400;\">Prosimy o wype\u0142nienie formularza, kt\u00f3ry pozwoli lepiej dostosowa\u0107 program szkolenia dla danej grupy student\u00f3w<\/span><\/p>\t\t\t\t\t\t\t\t<\/div>\n\t\t\t\t<\/div>\n\t\t\t\t\t<\/div>\n\t\t\t\t<\/div>\n\t\t<div class=\"elementor-element elementor-element-f4fe740 e-flex e-con-boxed e-con e-parent\" data-id=\"f4fe740\" data-element_type=\"container\" data-e-type=\"container\">\n\t\t\t\t\t<div class=\"e-con-inner\">\n\t\t\t\t<div class=\"elementor-element elementor-element-1305100 elementor-widget elementor-widget-shortcode\" data-id=\"1305100\" data-element_type=\"widget\" data-e-type=\"widget\" data-widget_type=\"shortcode.default\">\n\t\t\t\t<div class=\"elementor-widget-container\">\n\t\t\t\t\t\t\t<div class=\"elementor-shortcode\"><style id=\"wpforms-css-vars-794\">\n\t\t\t\t#wpforms-794 {\n\t\t\t\t\n\t\t\t}\n\t\t\t<\/style><div class=\"wpforms-container wpforms-container-full wpforms-render-modern\" id=\"wpforms-794\"><form id=\"wpforms-form-794\" class=\"wpforms-validate wpforms-form wpforms-ajax-form\" data-formid=\"794\" method=\"post\" enctype=\"multipart\/form-data\" action=\"\/index.php\/wp-json\/wp\/v2\/pages\/672\" data-token=\"01489b2c8f1bf614105166c908caa132\" data-token-time=\"1776606392\"><noscript class=\"wpforms-error-noscript\">Aby wype\u0142ni\u0107 ten formularz, w\u0142\u0105cz obs\u0142ug\u0119 JavaScript w przegl\u0105darce.<\/noscript><div id=\"wpforms-error-noscript\" style=\"display: none;\">Aby wype\u0142ni\u0107 ten formularz, w\u0142\u0105cz obs\u0142ug\u0119 JavaScript w przegl\u0105darce.<\/div><div class=\"wpforms-field-container\"><div id=\"wpforms-794-field_1-container\" class=\"wpforms-field wpforms-field-name\" data-field-id=\"1\"><fieldset><legend class=\"wpforms-field-label\">Imi\u0119 i nazwisko: <span class=\"wpforms-required-label\" aria-hidden=\"true\">*<\/span><\/legend><div class=\"wpforms-field-row wpforms-field-medium\"><div class=\"wpforms-field-row-block wpforms-first wpforms-one-half\"><input type=\"text\" id=\"wpforms-794-field_1\" class=\"wpforms-field-name-first wpforms-field-required\" name=\"wpforms[fields][1][first]\" aria-errormessage=\"wpforms-794-field_1-error\" required><label for=\"wpforms-794-field_1\" class=\"wpforms-field-sublabel after\">Pierwszy<\/label><\/div><div class=\"wpforms-field-row-block wpforms-one-half\"><input type=\"text\" id=\"wpforms-794-field_1-last\" class=\"wpforms-field-name-last wpforms-field-required\" name=\"wpforms[fields][1][last]\" aria-errormessage=\"wpforms-794-field_1-last-error\" required><label for=\"wpforms-794-field_1-last\" class=\"wpforms-field-sublabel after\">Ostatni<\/label><\/div><\/div><\/fieldset><\/div><div id=\"wpforms-794-field_2-container\" class=\"wpforms-field wpforms-field-email\" data-field-id=\"2\"><label class=\"wpforms-field-label\" for=\"wpforms-794-field_2\">Adres e-mail: <span class=\"wpforms-required-label\" aria-hidden=\"true\">*<\/span><\/label><input type=\"email\" id=\"wpforms-794-field_2\" class=\"wpforms-field-medium wpforms-field-required\" name=\"wpforms[fields][2]\" spellcheck=\"false\" aria-errormessage=\"wpforms-794-field_2-error\" required><\/div><div id=\"wpforms-794-field_5-container\" class=\"wpforms-field wpforms-field-number\" data-field-id=\"5\"><label class=\"wpforms-field-label\" for=\"wpforms-794-field_5\">Numer telefonu: <span class=\"wpforms-required-label\" aria-hidden=\"true\">*<\/span><\/label><input type=\"number\" id=\"wpforms-794-field_5\" class=\"wpforms-field-medium wpforms-field-required\" name=\"wpforms[fields][5]\" step=\"any\" aria-errormessage=\"wpforms-794-field_5-error\" required><\/div><div id=\"wpforms-794-field_3-container\" class=\"wpforms-field wpforms-field-textarea\" data-field-id=\"3\"><label class=\"wpforms-field-label\" for=\"wpforms-794-field_3\">Odbyte webinaria, szkolenia, warsztaty dotycz\u0105ce modelu ISTDP: <\/label><textarea id=\"wpforms-794-field_3\" class=\"wpforms-field-medium\" name=\"wpforms[fields][3]\" aria-errormessage=\"wpforms-794-field_3-error\" ><\/textarea><\/div>\t\t<div id=\"wpforms-794-field_11-container\"\n\t\t\tclass=\"wpforms-field wpforms-field-text\"\n\t\t\tdata-field-type=\"text\"\n\t\t\tdata-field-id=\"11\"\n\t\t\t>\n\t\t\t<label class=\"wpforms-field-label\" for=\"wpforms-794-field_11\" >lub pracy <\/label>\n\t\t\t<input type=\"text\" id=\"wpforms-794-field_11\" class=\"wpforms-field-medium\" name=\"wpforms[fields][11]\" >\n\t\t<\/div>\n\t\t<div id=\"wpforms-794-field_7-container\" class=\"wpforms-field wpforms-field-textarea\" data-field-id=\"7\"><label class=\"wpforms-field-label\" for=\"wpforms-794-field_7\">Czy odbyte 4-letnie szkolenie psychoterapeutyczne (czy zosta\u0142o uko\u0144czone, je\u015bli nie, to na kt\u00f3rym aktualnie jest Pani\/Pan roku), nazwa szko\u0142y :<\/label><textarea id=\"wpforms-794-field_7\" class=\"wpforms-field-medium\" name=\"wpforms[fields][7]\" aria-errormessage=\"wpforms-794-field_7-error\" ><\/textarea><\/div><div id=\"wpforms-794-field_8-container\" class=\"wpforms-field wpforms-field-textarea\" data-field-id=\"8\"><label class=\"wpforms-field-label\" for=\"wpforms-794-field_8\">Inne aktualne lub odbyte szkolenia psychoterapeutyczne: <\/label><textarea id=\"wpforms-794-field_8\" class=\"wpforms-field-medium\" name=\"wpforms[fields][8]\" aria-errormessage=\"wpforms-794-field_8-error\" ><\/textarea><\/div><div id=\"wpforms-794-field_9-container\" class=\"wpforms-field wpforms-field-textarea\" data-field-id=\"9\"><label class=\"wpforms-field-label\" for=\"wpforms-794-field_9\">Do\u015bwiadczenie zawodowe w pracy psychoterapeutycznej (data rozpocz\u0119cia pracy z pacjentami, aktualna ilo\u015b\u0107 pacjent\u00f3w w tygodniu):<\/label><textarea id=\"wpforms-794-field_9\" class=\"wpforms-field-medium\" name=\"wpforms[fields][9]\" aria-errormessage=\"wpforms-794-field_9-error\" ><\/textarea><\/div><div id=\"wpforms-794-field_4-container\" class=\"wpforms-field wpforms-field-text\" data-field-id=\"4\"><label class=\"wpforms-field-label\" for=\"wpforms-794-field_4\">Miejsce pracy (miasto, nazwa o\u015brodka):<\/label><input type=\"text\" id=\"wpforms-794-field_4\" class=\"wpforms-field-medium\" name=\"wpforms[fields][4]\" aria-errormessage=\"wpforms-794-field_4-error\" ><\/div><div id=\"wpforms-794-field_10-container\" class=\"wpforms-field wpforms-field-number\" data-field-id=\"10\"><label class=\"wpforms-field-label\" for=\"wpforms-794-field_10\">Dane do faktury za szkolenie PRECORE (prosz\u0119 poda\u0107 NIP):<\/label><input type=\"number\" id=\"wpforms-794-field_10\" class=\"wpforms-field-medium\" name=\"wpforms[fields][10]\" step=\"any\" aria-errormessage=\"wpforms-794-field_10-error\" ><\/div><div id=\"wpforms-794-field_6-container\" class=\"wpforms-field wpforms-field-gdpr-checkbox\" data-field-id=\"6\"><label class=\"wpforms-field-label\">Zgoda RODO <span class=\"wpforms-required-label\" aria-hidden=\"true\">*<\/span><\/label><ul id=\"wpforms-794-field_6\" class=\"wpforms-field-required\"><li class=\"choice-1\"><input type=\"checkbox\" id=\"wpforms-794-field_6_1\" name=\"wpforms[fields][6][]\" value=\"Zgadzam si\u0119 na przechowywanie przes\u0142anych przeze mnie informacji w tej witrynie internetowej do cel\u00f3w udzielenia odpowiedzi na moje zapytanie.\" aria-errormessage=\"wpforms-794-field_6_1-error\" required ><label class=\"wpforms-field-label-inline\" for=\"wpforms-794-field_6_1\">Zgadzam si\u0119 na przechowywanie przes\u0142anych przeze mnie informacji w tej witrynie internetowej do cel\u00f3w udzielenia odpowiedzi na moje zapytanie.<\/label><\/li><\/ul><\/div><script>\n\t\t\t\t( function() {\n\t\t\t\t\tconst style = document.createElement( 'style' );\n\t\t\t\t\tstyle.appendChild( document.createTextNode( '#wpforms-794-field_11-container { position: absolute !important; overflow: hidden !important; display: inline !important; height: 1px !important; width: 1px !important; z-index: -1000 !important; padding: 0 !important; } #wpforms-794-field_11-container input { visibility: hidden; } #wpforms-conversational-form-page #wpforms-794-field_11-container label { counter-increment: none; }' ) );\n\t\t\t\t\tdocument.head.appendChild( style );\n\t\t\t\t\tdocument.currentScript?.remove();\n\t\t\t\t} )();\n\t\t\t<\/script><\/div><!-- .wpforms-field-container --><div class=\"wpforms-submit-container\" ><input type=\"hidden\" name=\"wpforms[id]\" value=\"794\"><input type=\"hidden\" name=\"page_title\" value=\"\"><input type=\"hidden\" name=\"page_url\" value=\"https:\/\/studiumistdp.pl\/index.php\/wp-json\/wp\/v2\/pages\/672\"><input type=\"hidden\" name=\"url_referer\" value=\"\"><button type=\"submit\" name=\"wpforms[submit]\" id=\"wpforms-submit-794\" class=\"wpforms-submit\" data-alt-text=\"Wysy\u0142anie...\" data-submit-text=\"Wy\u015blij formularz\" aria-live=\"assertive\" value=\"wpforms-submit\">Wy\u015blij formularz<\/button><img decoding=\"async\" src=\"https:\/\/studiumistdp.pl\/wp-content\/plugins\/wpforms-lite\/assets\/images\/submit-spin.svg\" class=\"wpforms-submit-spinner\" style=\"display: none;\" width=\"26\" height=\"26\" alt=\"Wczytywanie\"><\/div><\/form><\/div>  <!-- .wpforms-container --><\/div>\n\t\t\t\t\t\t<\/div>\n\t\t\t\t<\/div>\n\t\t\t\t\t<\/div>\n\t\t\t\t<\/div>\n\t\t\t\t<\/div>\n\t\t","protected":false},"excerpt":{"rendered":"<p>Wprowadzenie do teorii i praktyki ISTDP (Precore Training) \u00a0 Zapraszam na trzydniowe zaj\u0119cia warsztatowe, kt\u00f3re wprowadzaj\u0105 w podstawy teoretyczne oraz praktyczne psychoterapii ISTDP.\u00a0Warsztat skierowany jest zar\u00f3wno do os\u00f3b rozwa\u017caj\u0105cych kompleksowe, trzyletnie szkolenie ISTDP (Core Training), jak i tych, kt\u00f3re chc\u0105 wzbogaci\u0107 swoj\u0105 praktyk\u0119 terapeutyczn\u0105 o elementy tego podej\u015bcia. G\u0142\u00f3wne zagadnienia Podczas warsztatu b\u0119dziemy uczy\u0107 si\u0119 [&hellip;]<\/p>\n","protected":false},"author":1,"featured_media":0,"parent":0,"menu_order":0,"comment_status":"closed","ping_status":"closed","template":"","meta":{"ocean_post_layout":"","ocean_both_sidebars_style":"","ocean_both_sidebars_content_width":0,"ocean_both_sidebars_sidebars_width":0,"ocean_sidebar":"","ocean_second_sidebar":"","ocean_disable_margins":"enable","ocean_add_body_class":"","ocean_shortcode_before_top_bar":"","ocean_shortcode_after_top_bar":"","ocean_shortcode_before_header":"","ocean_shortcode_after_header":"","ocean_has_shortcode":"","ocean_shortcode_after_title":"","ocean_shortcode_before_footer_widgets":"","ocean_shortcode_after_footer_widgets":"","ocean_shortcode_before_footer_bottom":"","ocean_shortcode_after_footer_bottom":"","ocean_display_top_bar":"default","ocean_display_header":"default","ocean_header_style":"","ocean_center_header_left_menu":"","ocean_custom_header_template":"","ocean_custom_logo":0,"ocean_custom_retina_logo":0,"ocean_custom_logo_max_width":0,"ocean_custom_logo_tablet_max_width":0,"ocean_custom_logo_mobile_max_width":0,"ocean_custom_logo_max_height":0,"ocean_custom_logo_tablet_max_height":0,"ocean_custom_logo_mobile_max_height":0,"ocean_header_custom_menu":"","ocean_menu_typo_font_family":"","ocean_menu_typo_font_subset":"","ocean_menu_typo_font_size":0,"ocean_menu_typo_font_size_tablet":0,"ocean_menu_typo_font_size_mobile":0,"ocean_menu_typo_font_size_unit":"px","ocean_menu_typo_font_weight":"","ocean_menu_typo_font_weight_tablet":"","ocean_menu_typo_font_weight_mobile":"","ocean_menu_typo_transform":"","ocean_menu_typo_transform_tablet":"","ocean_menu_typo_transform_mobile":"","ocean_menu_typo_line_height":0,"ocean_menu_typo_line_height_tablet":0,"ocean_menu_typo_line_height_mobile":0,"ocean_menu_typo_line_height_unit":"","ocean_menu_typo_spacing":0,"ocean_menu_typo_spacing_tablet":0,"ocean_menu_typo_spacing_mobile":0,"ocean_menu_typo_spacing_unit":"","ocean_menu_link_color":"","ocean_menu_link_color_hover":"","ocean_menu_link_color_active":"","ocean_menu_link_background":"","ocean_menu_link_hover_background":"","ocean_menu_link_active_background":"","ocean_menu_social_links_bg":"","ocean_menu_social_hover_links_bg":"","ocean_menu_social_links_color":"","ocean_menu_social_hover_links_color":"","ocean_disable_title":"default","ocean_disable_heading":"default","ocean_post_title":"","ocean_post_subheading":"","ocean_post_title_style":"","ocean_post_title_background_color":"","ocean_post_title_background":0,"ocean_post_title_bg_image_position":"","ocean_post_title_bg_image_attachment":"","ocean_post_title_bg_image_repeat":"","ocean_post_title_bg_image_size":"","ocean_post_title_height":0,"ocean_post_title_bg_overlay":0.5,"ocean_post_title_bg_overlay_color":"","ocean_disable_breadcrumbs":"default","ocean_breadcrumbs_color":"","ocean_breadcrumbs_separator_color":"","ocean_breadcrumbs_links_color":"","ocean_breadcrumbs_links_hover_color":"","ocean_display_footer_widgets":"default","ocean_display_footer_bottom":"default","ocean_custom_footer_template":"","footnotes":""},"class_list":["post-672","page","type-page","status-publish","hentry","entry"],"yoast_head":"<!-- This site is optimized with the Yoast SEO plugin v27.4 - https:\/\/yoast.com\/product\/yoast-seo-wordpress\/ -->\n<title>Precore - Studium ISTDP<\/title>\n<meta name=\"robots\" content=\"index, follow, max-snippet:-1, max-image-preview:large, max-video-preview:-1\" \/>\n<link rel=\"canonical\" href=\"https:\/\/studiumistdp.pl\/index.php\/precore\/\" \/>\n<meta property=\"og:locale\" content=\"pl_PL\" \/>\n<meta property=\"og:type\" content=\"article\" \/>\n<meta property=\"og:title\" content=\"Precore - Studium ISTDP\" \/>\n<meta property=\"og:description\" content=\"Wprowadzenie do teorii i praktyki ISTDP (Precore Training) \u00a0 Zapraszam na trzydniowe zaj\u0119cia warsztatowe, kt\u00f3re wprowadzaj\u0105 w podstawy teoretyczne oraz praktyczne psychoterapii ISTDP.\u00a0Warsztat skierowany jest zar\u00f3wno do os\u00f3b rozwa\u017caj\u0105cych kompleksowe, trzyletnie szkolenie ISTDP (Core Training), jak i tych, kt\u00f3re chc\u0105 wzbogaci\u0107 swoj\u0105 praktyk\u0119 terapeutyczn\u0105 o elementy tego podej\u015bcia. G\u0142\u00f3wne zagadnienia Podczas warsztatu b\u0119dziemy uczy\u0107 si\u0119 [&hellip;]\" \/>\n<meta property=\"og:url\" content=\"https:\/\/studiumistdp.pl\/index.php\/precore\/\" \/>\n<meta property=\"og:site_name\" content=\"Studium ISTDP\" \/>\n<meta property=\"article:modified_time\" content=\"2026-03-11T22:06:31+00:00\" \/>\n<meta name=\"twitter:card\" content=\"summary_large_image\" \/>\n<meta name=\"twitter:label1\" content=\"Szacowany czas czytania\" \/>\n\t<meta name=\"twitter:data1\" content=\"2 minuty\" \/>\n<script type=\"application\/ld+json\" class=\"yoast-schema-graph\">{\"@context\":\"https:\\\/\\\/schema.org\",\"@graph\":[{\"@type\":\"WebPage\",\"@id\":\"https:\\\/\\\/studiumistdp.pl\\\/index.php\\\/precore\\\/\",\"url\":\"https:\\\/\\\/studiumistdp.pl\\\/index.php\\\/precore\\\/\",\"name\":\"Precore - Studium ISTDP\",\"isPartOf\":{\"@id\":\"https:\\\/\\\/studiumistdp.pl\\\/#website\"},\"datePublished\":\"2025-01-26T19:27:40+00:00\",\"dateModified\":\"2026-03-11T22:06:31+00:00\",\"breadcrumb\":{\"@id\":\"https:\\\/\\\/studiumistdp.pl\\\/index.php\\\/precore\\\/#breadcrumb\"},\"inLanguage\":\"pl-PL\",\"potentialAction\":[{\"@type\":\"ReadAction\",\"target\":[\"https:\\\/\\\/studiumistdp.pl\\\/index.php\\\/precore\\\/\"]}]},{\"@type\":\"BreadcrumbList\",\"@id\":\"https:\\\/\\\/studiumistdp.pl\\\/index.php\\\/precore\\\/#breadcrumb\",\"itemListElement\":[{\"@type\":\"ListItem\",\"position\":1,\"name\":\"Strona g\u0142\u00f3wna\",\"item\":\"https:\\\/\\\/studiumistdp.pl\\\/\"},{\"@type\":\"ListItem\",\"position\":2,\"name\":\"Precore\"}]},{\"@type\":\"WebSite\",\"@id\":\"https:\\\/\\\/studiumistdp.pl\\\/#website\",\"url\":\"https:\\\/\\\/studiumistdp.pl\\\/\",\"name\":\"Studium ISTDP\",\"description\":\"\",\"publisher\":{\"@id\":\"https:\\\/\\\/studiumistdp.pl\\\/#organization\"},\"potentialAction\":[{\"@type\":\"SearchAction\",\"target\":{\"@type\":\"EntryPoint\",\"urlTemplate\":\"https:\\\/\\\/studiumistdp.pl\\\/?s={search_term_string}\"},\"query-input\":{\"@type\":\"PropertyValueSpecification\",\"valueRequired\":true,\"valueName\":\"search_term_string\"}}],\"inLanguage\":\"pl-PL\"},{\"@type\":\"Organization\",\"@id\":\"https:\\\/\\\/studiumistdp.pl\\\/#organization\",\"name\":\"Studium ISTDP\",\"url\":\"https:\\\/\\\/studiumistdp.pl\\\/\",\"logo\":{\"@type\":\"ImageObject\",\"inLanguage\":\"pl-PL\",\"@id\":\"https:\\\/\\\/studiumistdp.pl\\\/#\\\/schema\\\/logo\\\/image\\\/\",\"url\":\"https:\\\/\\\/studiumistdp.pl\\\/wp-content\\\/uploads\\\/2025\\\/09\\\/cropped-ISTDPBeataZaloga-V1.png\",\"contentUrl\":\"https:\\\/\\\/studiumistdp.pl\\\/wp-content\\\/uploads\\\/2025\\\/09\\\/cropped-ISTDPBeataZaloga-V1.png\",\"width\":1920,\"height\":527,\"caption\":\"Studium ISTDP\"},\"image\":{\"@id\":\"https:\\\/\\\/studiumistdp.pl\\\/#\\\/schema\\\/logo\\\/image\\\/\"}}]}<\/script>\n<!-- \/ Yoast SEO plugin. -->","yoast_head_json":{"title":"Precore - Studium ISTDP","robots":{"index":"index","follow":"follow","max-snippet":"max-snippet:-1","max-image-preview":"max-image-preview:large","max-video-preview":"max-video-preview:-1"},"canonical":"https:\/\/studiumistdp.pl\/index.php\/precore\/","og_locale":"pl_PL","og_type":"article","og_title":"Precore - Studium ISTDP","og_description":"Wprowadzenie do teorii i praktyki ISTDP (Precore Training) \u00a0 Zapraszam na trzydniowe zaj\u0119cia warsztatowe, kt\u00f3re wprowadzaj\u0105 w podstawy teoretyczne oraz praktyczne psychoterapii ISTDP.\u00a0Warsztat skierowany jest zar\u00f3wno do os\u00f3b rozwa\u017caj\u0105cych kompleksowe, trzyletnie szkolenie ISTDP (Core Training), jak i tych, kt\u00f3re chc\u0105 wzbogaci\u0107 swoj\u0105 praktyk\u0119 terapeutyczn\u0105 o elementy tego podej\u015bcia. G\u0142\u00f3wne zagadnienia Podczas warsztatu b\u0119dziemy uczy\u0107 si\u0119 [&hellip;]","og_url":"https:\/\/studiumistdp.pl\/index.php\/precore\/","og_site_name":"Studium ISTDP","article_modified_time":"2026-03-11T22:06:31+00:00","twitter_card":"summary_large_image","twitter_misc":{"Szacowany czas czytania":"2 minuty"},"schema":{"@context":"https:\/\/schema.org","@graph":[{"@type":"WebPage","@id":"https:\/\/studiumistdp.pl\/index.php\/precore\/","url":"https:\/\/studiumistdp.pl\/index.php\/precore\/","name":"Precore - Studium ISTDP","isPartOf":{"@id":"https:\/\/studiumistdp.pl\/#website"},"datePublished":"2025-01-26T19:27:40+00:00","dateModified":"2026-03-11T22:06:31+00:00","breadcrumb":{"@id":"https:\/\/studiumistdp.pl\/index.php\/precore\/#breadcrumb"},"inLanguage":"pl-PL","potentialAction":[{"@type":"ReadAction","target":["https:\/\/studiumistdp.pl\/index.php\/precore\/"]}]},{"@type":"BreadcrumbList","@id":"https:\/\/studiumistdp.pl\/index.php\/precore\/#breadcrumb","itemListElement":[{"@type":"ListItem","position":1,"name":"Strona g\u0142\u00f3wna","item":"https:\/\/studiumistdp.pl\/"},{"@type":"ListItem","position":2,"name":"Precore"}]},{"@type":"WebSite","@id":"https:\/\/studiumistdp.pl\/#website","url":"https:\/\/studiumistdp.pl\/","name":"Studium ISTDP","description":"","publisher":{"@id":"https:\/\/studiumistdp.pl\/#organization"},"potentialAction":[{"@type":"SearchAction","target":{"@type":"EntryPoint","urlTemplate":"https:\/\/studiumistdp.pl\/?s={search_term_string}"},"query-input":{"@type":"PropertyValueSpecification","valueRequired":true,"valueName":"search_term_string"}}],"inLanguage":"pl-PL"},{"@type":"Organization","@id":"https:\/\/studiumistdp.pl\/#organization","name":"Studium ISTDP","url":"https:\/\/studiumistdp.pl\/","logo":{"@type":"ImageObject","inLanguage":"pl-PL","@id":"https:\/\/studiumistdp.pl\/#\/schema\/logo\/image\/","url":"https:\/\/studiumistdp.pl\/wp-content\/uploads\/2025\/09\/cropped-ISTDPBeataZaloga-V1.png","contentUrl":"https:\/\/studiumistdp.pl\/wp-content\/uploads\/2025\/09\/cropped-ISTDPBeataZaloga-V1.png","width":1920,"height":527,"caption":"Studium ISTDP"},"image":{"@id":"https:\/\/studiumistdp.pl\/#\/schema\/logo\/image\/"}}]}},"_links":{"self":[{"href":"https:\/\/studiumistdp.pl\/index.php\/wp-json\/wp\/v2\/pages\/672","targetHints":{"allow":["GET"]}}],"collection":[{"href":"https:\/\/studiumistdp.pl\/index.php\/wp-json\/wp\/v2\/pages"}],"about":[{"href":"https:\/\/studiumistdp.pl\/index.php\/wp-json\/wp\/v2\/types\/page"}],"author":[{"embeddable":true,"href":"https:\/\/studiumistdp.pl\/index.php\/wp-json\/wp\/v2\/users\/1"}],"replies":[{"embeddable":true,"href":"https:\/\/studiumistdp.pl\/index.php\/wp-json\/wp\/v2\/comments?post=672"}],"version-history":[{"count":71,"href":"https:\/\/studiumistdp.pl\/index.php\/wp-json\/wp\/v2\/pages\/672\/revisions"}],"predecessor-version":[{"id":1493,"href":"https:\/\/studiumistdp.pl\/index.php\/wp-json\/wp\/v2\/pages\/672\/revisions\/1493"}],"wp:attachment":[{"href":"https:\/\/studiumistdp.pl\/index.php\/wp-json\/wp\/v2\/media?parent=672"}],"curies":[{"name":"wp","href":"https:\/\/api.w.org\/{rel}","templated":true}]}}